{"id":59119,"date":"2023-01-24T00:33:06","date_gmt":"2023-01-23T16:33:06","guid":{"rendered":"https:\/\/snowbike-fun.ch\/en\/?post_type=product&#038;p=59119"},"modified":"2023-02-25T20:33:47","modified_gmt":"2023-02-25T12:33:47","slug":"snowbike-j4-junior-brenter-used-a","status":"publish","type":"product","link":"https:\/\/snowbike-fun.ch\/en\/product\/snowbike-j4-junior-brenter-used-a\/","title":{"rendered":"Snowbike J4 Junior Brenter &#8211; used A"},"content":{"rendered":"","protected":false},"excerpt":{"rendered":"<p><a href=\"https:\/\/snowbike-fun.ch\/en\/pages\/contact\/kontaktformular\/\" target=\"_blank\" rel=\"noopener\">Price: <\/a><a href=\"https:\/\/snowbike-fun.ch\/en\/pages\/contact\/kontaktformular\/\" target=\"_blank\" rel=\"noopener\">ask for specified quotation<\/a> <span style=\"color: #ff0000;\">Special discount with several units<\/span><\/p>\n<p>Brenter Snowbike for great Snow experience, one of the Best since 1949.<br \/>\nDouble suspension: Seat, Handle bar<br \/>\nLight weight: Alumnium frame, Titanium etc.;<br \/>\nVarious sizes. Product can vary to photo.<br \/>\nWhile on stock.<\/p>\n<p><strong>Transport* on mountain<\/strong>:<br \/>\nGondola, chairlift, Skilift (*if allowed by operator);<br \/>\n<strong>Transport in Car<\/strong>:<br \/>\npartly foldable, or easy dismantle.<br \/>\n<strong>Transport in Airplane:<\/strong><br \/>\nSpecial bag available<\/p>\n<p><em>**If products are not on stock in Switzerland\/CH: Because of the worldwide economic situation and shortages of some products price increases due to material and \/ or transport costs may occur. <\/em>We reserve the right to change prices<\/p>\n<p>&nbsp;<\/p>\n<p>Wegen der wirtschaftlichen Situation (weltweit) k\u00f6nnen Erh\u00f6hung bei Material und im Transportbereich zu Preiserh\u00f6hung f\u00fchren.<\/p>\n","protected":false},"featured_media":58998,"comment_status":"closed","ping_status":"closed","template":"","meta":[],"product_cat":[526],"product_tag":[],"class_list":["post-59119","product","type-product","status-publish","has-post-thumbnail","hentry","product_cat-snowbikes","description-off"],"_links":{"self":[{"href":"https:\/\/snowbike-fun.ch\/en\/wp-json\/wp\/v2\/product\/59119","targetHints":{"allow":["GET"]}}],"collection":[{"href":"https:\/\/snowbike-fun.ch\/en\/wp-json\/wp\/v2\/product"}],"about":[{"href":"https:\/\/snowbike-fun.ch\/en\/wp-json\/wp\/v2\/types\/product"}],"replies":[{"embeddable":true,"href":"https:\/\/snowbike-fun.ch\/en\/wp-json\/wp\/v2\/comments?post=59119"}],"wp:featuredmedia":[{"embeddable":true,"href":"https:\/\/snowbike-fun.ch\/en\/wp-json\/wp\/v2\/media\/58998"}],"wp:attachment":[{"href":"https:\/\/snowbike-fun.ch\/en\/wp-json\/wp\/v2\/media?parent=59119"}],"wp:term":[{"taxonomy":"product_cat","embeddable":true,"href":"https:\/\/snowbike-fun.ch\/en\/wp-json\/wp\/v2\/product_cat?post=59119"},{"taxonomy":"product_tag","embeddable":true,"href":"https:\/\/snowbike-fun.ch\/en\/wp-json\/wp\/v2\/product_tag?post=59119"}],"curies":[{"name":"wp","href":"https:\/\/api.w.org\/{rel}","templated":true}]}}